{"id":4004,"date":"2025-03-04T21:37:59","date_gmt":"2025-03-04T20:37:59","guid":{"rendered":"https:\/\/nutricel.net\/?page_id=4004"},"modified":"2025-03-04T21:46:37","modified_gmt":"2025-03-04T20:46:37","slug":"chi-siamo","status":"publish","type":"page","link":"https:\/\/nutricel.net\/it\/chi-siamo\/","title":{"rendered":"Chi siamo"},"content":{"rendered":"\t\t<div data-elementor-type=\"wp-page\" data-elementor-id=\"4004\" class=\"elementor elementor-4004\" data-elementor-post-type=\"page\">\n\t\t\t\t<div class=\"elementor-element elementor-element-723b1f82 e-con-full e-flex e-con e-parent\" data-id=\"723b1f82\" data-element_type=\"container\" data-settings=\"{&quot;background_background&quot;:&quot;classic&quot;}\">\n\t\t<div class=\"elementor-element elementor-element-7854588 e-con-full e-flex e-con e-child\" data-id=\"7854588\" data-element_type=\"container\">\n\t\t\t\t<div class=\"elementor-element elementor-element-4390581a elementor-widget elementor-widget-heading\" data-id=\"4390581a\" data-element_type=\"widget\" data-widget_type=\"heading.default\">\n\t\t\t\t<div class=\"elementor-widget-container\">\n\t\t\t\t\t<h2 class=\"elementor-heading-title elementor-size-default\">Benvenuti nell\u2019universo Nutricel \u2728<\/h2>\t\t\t\t<\/div>\n\t\t\t\t<\/div>\n\t\t\t\t<div class=\"elementor-element elementor-element-4c680019 elementor-widget elementor-widget-text-editor\" data-id=\"4c680019\" data-element_type=\"widget\" data-widget_type=\"text-editor.default\">\n\t\t\t\t<div class=\"elementor-widget-container\">\n\t\t\t\t\t\t\t\t\t<p class=\"p1\">Sei pronto a scoprire come la nutrizione intelligente pu\u00f2 trasformare la tua vita quotidiana?<\/p><p class=\"p1\">Benvenuto in Nutricel, dove qualit\u00e0 e innovazione si incontrano per esaltare la tua migliore versione. \ud83d\udc99<\/p>\t\t\t\t\t\t\t\t<\/div>\n\t\t\t\t<\/div>\n\t\t\t\t<\/div>\n\t\t<div class=\"elementor-element elementor-element-3e44d994 e-con-full e-flex e-con e-child\" data-id=\"3e44d994\" data-element_type=\"container\">\n\t\t\t\t<div class=\"elementor-element elementor-element-c5ccc6d elementor-widget elementor-widget-image\" data-id=\"c5ccc6d\" data-element_type=\"widget\" data-widget_type=\"image.default\">\n\t\t\t\t<div class=\"elementor-widget-container\">\n\t\t\t\t\t\t\t\t\t\t\t\t\t\t\t<img fetchpriority=\"high\" decoding=\"async\" width=\"800\" height=\"442\" src=\"https:\/\/nutricel.net\/wp-content\/uploads\/2025\/02\/Banner_Computer_v3_2400x-1-2-1024x566.png\" class=\"attachment-large size-large wp-image-3226\" alt=\"\" srcset=\"https:\/\/nutricel.net\/wp-content\/uploads\/2025\/02\/Banner_Computer_v3_2400x-1-2-1024x566.png 1024w, https:\/\/nutricel.net\/wp-content\/uploads\/2025\/02\/Banner_Computer_v3_2400x-1-2-600x332.png 600w, https:\/\/nutricel.net\/wp-content\/uploads\/2025\/02\/Banner_Computer_v3_2400x-1-2-300x166.png 300w, https:\/\/nutricel.net\/wp-content\/uploads\/2025\/02\/Banner_Computer_v3_2400x-1-2-768x425.png 768w, https:\/\/nutricel.net\/wp-content\/uploads\/2025\/02\/Banner_Computer_v3_2400x-1-2-1536x849.png 1536w, https:\/\/nutricel.net\/wp-content\/uploads\/2025\/02\/Banner_Computer_v3_2400x-1-2-64x35.png 64w, https:\/\/nutricel.net\/wp-content\/uploads\/2025\/02\/Banner_Computer_v3_2400x-1-2.png 1863w\" sizes=\"(max-width: 800px) 100vw, 800px\" \/>\t\t\t\t\t\t\t\t\t\t\t\t\t\t\t<\/div>\n\t\t\t\t<\/div>\n\t\t\t\t<\/div>\n\t\t\t\t<\/div>\n\t\t<div class=\"elementor-element elementor-element-2801500f e-flex e-con-boxed e-con e-parent\" data-id=\"2801500f\" data-element_type=\"container\">\n\t\t\t\t\t<div class=\"e-con-inner\">\n\t\t\t\t<div class=\"elementor-element elementor-element-3a6726c4 elementor-widget elementor-widget-heading\" data-id=\"3a6726c4\" data-element_type=\"widget\" data-widget_type=\"heading.default\">\n\t\t\t\t<div class=\"elementor-widget-container\">\n\t\t\t\t\t<h2 class=\"elementor-heading-title elementor-size-default\">La base inizia nei nostri valori<\/h2>\t\t\t\t<\/div>\n\t\t\t\t<\/div>\n\t\t\t\t\t<\/div>\n\t\t\t\t<\/div>\n\t\t<div class=\"elementor-element elementor-element-47308ed6 e-flex e-con-boxed e-con e-parent\" data-id=\"47308ed6\" data-element_type=\"container\">\n\t\t\t\t\t<div class=\"e-con-inner\">\n\t\t<div class=\"elementor-element elementor-element-2c567aa1 e-con-full e-flex e-con e-child\" data-id=\"2c567aa1\" data-element_type=\"container\">\n\t\t\t\t<div class=\"elementor-element elementor-element-2419b958 elementor-widget elementor-widget-image\" data-id=\"2419b958\" data-element_type=\"widget\" data-widget_type=\"image.default\">\n\t\t\t\t<div class=\"elementor-widget-container\">\n\t\t\t\t\t\t\t\t\t\t\t\t\t\t\t<img decoding=\"async\" width=\"521\" height=\"521\" src=\"https:\/\/nutricel.net\/wp-content\/uploads\/2025\/02\/Mircroscopio.png\" class=\"attachment-large size-large wp-image-3196\" alt=\"\" srcset=\"https:\/\/nutricel.net\/wp-content\/uploads\/2025\/02\/Mircroscopio.png 521w, https:\/\/nutricel.net\/wp-content\/uploads\/2025\/02\/Mircroscopio-100x100.png 100w, https:\/\/nutricel.net\/wp-content\/uploads\/2025\/02\/Mircroscopio-300x300.png 300w, https:\/\/nutricel.net\/wp-content\/uploads\/2025\/02\/Mircroscopio-150x150.png 150w, https:\/\/nutricel.net\/wp-content\/uploads\/2025\/02\/Mircroscopio-64x64.png 64w\" sizes=\"(max-width: 521px) 100vw, 521px\" \/>\t\t\t\t\t\t\t\t\t\t\t\t\t\t\t<\/div>\n\t\t\t\t<\/div>\n\t\t\t\t<div class=\"elementor-element elementor-element-7e634bba elementor-widget elementor-widget-heading\" data-id=\"7e634bba\" data-element_type=\"widget\" data-widget_type=\"heading.default\">\n\t\t\t\t<div class=\"elementor-widget-container\">\n\t\t\t\t\t<h3 class=\"elementor-heading-title elementor-size-default\">Scienza ed efficacia<\/h3>\t\t\t\t<\/div>\n\t\t\t\t<\/div>\n\t\t\t\t<\/div>\n\t\t<div class=\"elementor-element elementor-element-250c5921 e-con-full e-flex e-con e-child\" data-id=\"250c5921\" data-element_type=\"container\">\n\t\t\t\t<div class=\"elementor-element elementor-element-515dcb76 elementor-widget elementor-widget-image\" data-id=\"515dcb76\" data-element_type=\"widget\" data-widget_type=\"image.default\">\n\t\t\t\t<div class=\"elementor-widget-container\">\n\t\t\t\t\t\t\t\t\t\t\t\t\t\t\t<img decoding=\"async\" width=\"521\" height=\"521\" src=\"https:\/\/nutricel.net\/wp-content\/uploads\/2025\/02\/Calidad_Hojas.png\" class=\"attachment-large size-large wp-image-3201\" alt=\"\" srcset=\"https:\/\/nutricel.net\/wp-content\/uploads\/2025\/02\/Calidad_Hojas.png 521w, https:\/\/nutricel.net\/wp-content\/uploads\/2025\/02\/Calidad_Hojas-100x100.png 100w, https:\/\/nutricel.net\/wp-content\/uploads\/2025\/02\/Calidad_Hojas-300x300.png 300w, https:\/\/nutricel.net\/wp-content\/uploads\/2025\/02\/Calidad_Hojas-150x150.png 150w, https:\/\/nutricel.net\/wp-content\/uploads\/2025\/02\/Calidad_Hojas-64x64.png 64w\" sizes=\"(max-width: 521px) 100vw, 521px\" \/>\t\t\t\t\t\t\t\t\t\t\t\t\t\t\t<\/div>\n\t\t\t\t<\/div>\n\t\t\t\t<div class=\"elementor-element elementor-element-1aaca323 elementor-widget elementor-widget-heading\" data-id=\"1aaca323\" data-element_type=\"widget\" data-widget_type=\"heading.default\">\n\t\t\t\t<div class=\"elementor-widget-container\">\n\t\t\t\t\t<h3 class=\"elementor-heading-title elementor-size-default\">Qualit\u00e0 e trasparenza<\/h3>\t\t\t\t<\/div>\n\t\t\t\t<\/div>\n\t\t\t\t<\/div>\n\t\t<div class=\"elementor-element elementor-element-7a9c84cd e-con-full e-flex e-con e-child\" data-id=\"7a9c84cd\" data-element_type=\"container\">\n\t\t\t\t<div class=\"elementor-element elementor-element-7315a701 elementor-widget elementor-widget-image\" data-id=\"7315a701\" data-element_type=\"widget\" data-widget_type=\"image.default\">\n\t\t\t\t<div class=\"elementor-widget-container\">\n\t\t\t\t\t\t\t\t\t\t\t\t\t\t\t<img loading=\"lazy\" decoding=\"async\" width=\"521\" height=\"521\" src=\"https:\/\/nutricel.net\/wp-content\/uploads\/2025\/02\/Bienestar-1.png\" class=\"attachment-large size-large wp-image-3211\" alt=\"\" srcset=\"https:\/\/nutricel.net\/wp-content\/uploads\/2025\/02\/Bienestar-1.png 521w, https:\/\/nutricel.net\/wp-content\/uploads\/2025\/02\/Bienestar-1-100x100.png 100w, https:\/\/nutricel.net\/wp-content\/uploads\/2025\/02\/Bienestar-1-300x300.png 300w, https:\/\/nutricel.net\/wp-content\/uploads\/2025\/02\/Bienestar-1-150x150.png 150w, https:\/\/nutricel.net\/wp-content\/uploads\/2025\/02\/Bienestar-1-64x64.png 64w\" sizes=\"(max-width: 521px) 100vw, 521px\" \/>\t\t\t\t\t\t\t\t\t\t\t\t\t\t\t<\/div>\n\t\t\t\t<\/div>\n\t\t\t\t<div class=\"elementor-element elementor-element-469f83e4 elementor-widget elementor-widget-heading\" data-id=\"469f83e4\" data-element_type=\"widget\" data-widget_type=\"heading.default\">\n\t\t\t\t<div class=\"elementor-widget-container\">\n\t\t\t\t\t<h3 class=\"elementor-heading-title elementor-size-default\">Benessere e fiducia<\/h3>\t\t\t\t<\/div>\n\t\t\t\t<\/div>\n\t\t\t\t<\/div>\n\t\t\t\t\t<\/div>\n\t\t\t\t<\/div>\n\t\t<div class=\"elementor-element elementor-element-5bcc9fb8 e-flex e-con-boxed e-con e-parent\" data-id=\"5bcc9fb8\" data-element_type=\"container\">\n\t\t\t\t\t<div class=\"e-con-inner\">\n\t\t\t\t<div class=\"elementor-element elementor-element-d6156ea elementor-widget elementor-widget-heading\" data-id=\"d6156ea\" data-element_type=\"widget\" data-widget_type=\"heading.default\">\n\t\t\t\t<div class=\"elementor-widget-container\">\n\t\t\t\t\t<h2 class=\"elementor-heading-title elementor-size-default\">La nostra missione: farti sentire meglio ogni giorno, con pi\u00f9 energia e vitalit\u00e0<\/h2>\t\t\t\t<\/div>\n\t\t\t\t<\/div>\n\t\t\t\t\t<\/div>\n\t\t\t\t<\/div>\n\t\t<div class=\"elementor-element elementor-element-7783cc95 e-flex e-con-boxed e-con e-parent\" data-id=\"7783cc95\" data-element_type=\"container\">\n\t\t\t\t\t<div class=\"e-con-inner\">\n\t\t<div class=\"elementor-element elementor-element-47d770f2 e-con-full e-flex e-con e-child\" data-id=\"47d770f2\" data-element_type=\"container\">\n\t\t\t\t<div class=\"elementor-element elementor-element-628a1fc0 elementor-widget elementor-widget-text-editor\" data-id=\"628a1fc0\" data-element_type=\"widget\" data-widget_type=\"text-editor.default\">\n\t\t\t\t<div class=\"elementor-widget-container\">\n\t\t\t\t\t\t\t\t\t<div class=\"d1-fade-in-bottom w-full md:w-1\/2 \"><div class=\"prose lg:prose-lg\"><p class=\"p1\"><b>Come lo facciamo in Nutricel?<\/b><b><\/b><\/p><p class=\"p3\"><span class=\"s1\">Con <\/span><b>integratori nutrizionali avanzati<\/b><span class=\"s1\">, supportati dalla <\/span><b>scienza<\/b><span class=\"s1\"> e formulati con <\/span><b>ingredienti della massima qualit\u00e0<\/b><span class=\"s1\">. Il nostro obiettivo \u00e8 chiaro: <\/span><b>rendere la cura di te stesso facile, efficace e una parte naturale della tua quotidianit\u00e0<\/b><span class=\"s1\">.<\/span><\/p><p class=\"p4\">Ci concentriamo solo sull\u2019essenziale. <span class=\"s2\"><b>Senza artifici n\u00e9 ingredienti superflui, ma con la massima efficacia<\/b><\/span>. Perch\u00e9 sappiamo che la vita \u00e8 gi\u00e0 abbastanza complicata, la nostra missione \u00e8 <span class=\"s2\"><b>semplificare il percorso verso il tuo benessere<\/b><\/span>.<\/p><p class=\"p3\"><b>Nutricel \u00e8 innovazione, qualit\u00e0 e passione per la salute<\/b><span class=\"s1\">. Abbiamo creato prodotti progettati per <\/span><b>ottimizzare la tua energia, rafforzare il tuo corpo e migliorare il tuo benessere generale<\/b><span class=\"s1\">. Quando il tuo organismo riceve <\/span><b>ci\u00f2 di cui ha veramente bisogno<\/b><span class=\"s1\">, <\/span><b>ti senti meglio, vivi meglio e lo dimostri in ogni momento<\/b><span class=\"s1\">. <\/span>\ud83d\udc9a\u2728<\/p><\/div><\/div><div class=\"h-full w-full md:w-1\/2 mb-8 sm:mb-16 md:mb-0 overflow-hidden md:ml-[8.33%] \">\u00a0<\/div>\t\t\t\t\t\t\t\t<\/div>\n\t\t\t\t<\/div>\n\t\t\t\t<\/div>\n\t\t<div class=\"elementor-element elementor-element-49b20f01 e-con-full e-flex e-con e-child\" data-id=\"49b20f01\" data-element_type=\"container\">\n\t\t\t\t<div class=\"elementor-element elementor-element-5e61a5b7 elementor-widget elementor-widget-image\" data-id=\"5e61a5b7\" data-element_type=\"widget\" data-widget_type=\"image.default\">\n\t\t\t\t<div class=\"elementor-widget-container\">\n\t\t\t\t\t\t\t\t\t\t\t\t\t\t\t<img loading=\"lazy\" decoding=\"async\" width=\"800\" height=\"549\" src=\"https:\/\/nutricel.net\/wp-content\/uploads\/2025\/02\/Quienes-somos2.png\" class=\"attachment-large size-large wp-image-3231\" alt=\"\" srcset=\"https:\/\/nutricel.net\/wp-content\/uploads\/2025\/02\/Quienes-somos2.png 875w, https:\/\/nutricel.net\/wp-content\/uploads\/2025\/02\/Quienes-somos2-600x411.png 600w, https:\/\/nutricel.net\/wp-content\/uploads\/2025\/02\/Quienes-somos2-300x206.png 300w, https:\/\/nutricel.net\/wp-content\/uploads\/2025\/02\/Quienes-somos2-768x527.png 768w, https:\/\/nutricel.net\/wp-content\/uploads\/2025\/02\/Quienes-somos2-64x44.png 64w\" sizes=\"(max-width: 800px) 100vw, 800px\" \/>\t\t\t\t\t\t\t\t\t\t\t\t\t\t\t<\/div>\n\t\t\t\t<\/div>\n\t\t\t\t<\/div>\n\t\t\t\t\t<\/div>\n\t\t\t\t<\/div>\n\t\t<div class=\"elementor-element elementor-element-556e955e e-flex e-con-boxed e-con e-parent\" data-id=\"556e955e\" data-element_type=\"container\">\n\t\t\t\t\t<div class=\"e-con-inner\">\n\t\t<div class=\"elementor-element elementor-element-21463ccd e-con-full e-flex e-con e-child\" data-id=\"21463ccd\" data-element_type=\"container\">\n\t\t\t\t<div class=\"elementor-element elementor-element-59e4f766 elementor-widget elementor-widget-image\" data-id=\"59e4f766\" data-element_type=\"widget\" data-widget_type=\"image.default\">\n\t\t\t\t<div class=\"elementor-widget-container\">\n\t\t\t\t\t\t\t\t\t\t\t\t\t\t\t<img loading=\"lazy\" decoding=\"async\" width=\"800\" height=\"624\" src=\"https:\/\/nutricel.net\/wp-content\/uploads\/2025\/02\/Artboard-1Foto1-1-1024x799.png\" class=\"attachment-large size-large wp-image-3245\" alt=\"\" srcset=\"https:\/\/nutricel.net\/wp-content\/uploads\/2025\/02\/Artboard-1Foto1-1-1024x799.png 1024w, https:\/\/nutricel.net\/wp-content\/uploads\/2025\/02\/Artboard-1Foto1-1-600x468.png 600w, https:\/\/nutricel.net\/wp-content\/uploads\/2025\/02\/Artboard-1Foto1-1-300x234.png 300w, https:\/\/nutricel.net\/wp-content\/uploads\/2025\/02\/Artboard-1Foto1-1-768x599.png 768w, https:\/\/nutricel.net\/wp-content\/uploads\/2025\/02\/Artboard-1Foto1-1-1536x1198.png 1536w, https:\/\/nutricel.net\/wp-content\/uploads\/2025\/02\/Artboard-1Foto1-1-64x50.png 64w, https:\/\/nutricel.net\/wp-content\/uploads\/2025\/02\/Artboard-1Foto1-1.png 1800w\" sizes=\"(max-width: 800px) 100vw, 800px\" \/>\t\t\t\t\t\t\t\t\t\t\t\t\t\t\t<\/div>\n\t\t\t\t<\/div>\n\t\t\t\t<\/div>\n\t\t<div class=\"elementor-element elementor-element-536fa82e e-con-full e-flex e-con e-child\" data-id=\"536fa82e\" data-element_type=\"container\">\n\t\t\t\t<div class=\"elementor-element elementor-element-6a69c11f elementor-widget elementor-widget-heading\" data-id=\"6a69c11f\" data-element_type=\"widget\" data-widget_type=\"heading.default\">\n\t\t\t\t<div class=\"elementor-widget-container\">\n\t\t\t\t\t<h2 class=\"elementor-heading-title elementor-size-default\">I fondatori: Il team Nutricel<\/h2>\t\t\t\t<\/div>\n\t\t\t\t<\/div>\n\t\t\t\t<div class=\"elementor-element elementor-element-2411e64 elementor-widget elementor-widget-text-editor\" data-id=\"2411e64\" data-element_type=\"widget\" data-widget_type=\"text-editor.default\">\n\t\t\t\t<div class=\"elementor-widget-container\">\n\t\t\t\t\t\t\t\t\t<div class=\"d1-fade-in-bottom w-full md:w-1\/2 \"><div class=\"prose lg:prose-lg\"><p class=\"p1\"><b>Il team dietro Nutricel<\/b><b><\/b><\/p><p class=\"p3\"><b>Nutricel \u00e8 nata dalla visione di Iv\u00e1n, Jose, Antonio e Katya, quattro imprenditori appassionati di salute e benessere.<\/b><b><\/b><\/p><p class=\"p4\">\ud83d\udd39 <span class=\"s1\"><b>Iv\u00e1n<\/b><\/span>, il nostro esperto del mondo <span class=\"s1\"><b>Amazon, social media e marketing<\/b><\/span>, che spinge il marchio con <span class=\"s1\"><b>strategie innovative<\/b><\/span> adattate alle nuove tecnologie.<\/p><p class=\"p4\">\ud83d\udd39 <span class=\"s1\"><b>Jose<\/b><\/span>, specialista in <span class=\"s1\"><b>vendite e operazioni<\/b><\/span>, si assicura che tutto funzioni <span class=\"s1\"><b>alla massima qualit\u00e0<\/b><\/span>, garantendo che i nostri fornitori e partner lavorino <span class=\"s1\"><b>come un orologio<\/b><\/span>.<\/p><p class=\"p4\">\ud83d\udd39 <span class=\"s1\"><b>Antonio<\/b><\/span>, esperto in <span class=\"s1\"><b>finanza e contabilit\u00e0<\/b><\/span>, garantisce <span class=\"s1\"><b>una crescita solida e sostenibile<\/b><\/span>, senza che i numeri ci sfuggano di mano.<\/p><p class=\"p3\"><span class=\"s2\">\ud83d\udd39 <\/span><b>Katya<\/b><span class=\"s2\">, il volto pi\u00f9 visibile di <\/span><b>Nutricel<\/b><span class=\"s2\">, \u00e8 la nostra esperta in <\/span><b>gestione clienti e relazioni commerciali<\/b><span class=\"s2\">, assicurando <\/span><b>il miglior servizio e la migliore esperienza per ogni cliente<\/b><span class=\"s2\">.<\/span><\/p><p class=\"p3\"><b>Insieme, abbiamo creato Nutricel con un obiettivo chiaro: rendere il prendersi cura di s\u00e9 semplice, efficace e accessibile a tutti. Perch\u00e9 quando ti senti bene, vivi di pi\u00f9 e molto meglio.<\/b> \ud83d\udc9a\u2728<\/p><\/div><\/div>\t\t\t\t\t\t\t\t<\/div>\n\t\t\t\t<\/div>\n\t\t\t\t<\/div>\n\t\t\t\t\t<\/div>\n\t\t\t\t<\/div>\n\t\t<div class=\"elementor-element elementor-element-561e71 e-flex e-con-boxed e-con e-parent\" data-id=\"561e71\" data-element_type=\"container\" data-settings=\"{&quot;background_background&quot;:&quot;classic&quot;}\">\n\t\t\t\t\t<div class=\"e-con-inner\">\n\t\t<div class=\"elementor-element elementor-element-5f3ab156 e-con-full e-flex e-con e-child\" data-id=\"5f3ab156\" data-element_type=\"container\">\n\t\t\t\t<div class=\"elementor-element elementor-element-39c24c47 elementor-widget elementor-widget-image\" data-id=\"39c24c47\" data-element_type=\"widget\" data-widget_type=\"image.default\">\n\t\t\t\t<div class=\"elementor-widget-container\">\n\t\t\t\t\t\t\t\t\t\t\t\t\t\t\t<img loading=\"lazy\" decoding=\"async\" width=\"688\" height=\"560\" src=\"https:\/\/nutricel.net\/wp-content\/uploads\/2025\/02\/Clienta.png\" class=\"attachment-large size-large wp-image-3250\" alt=\"\" srcset=\"https:\/\/nutricel.net\/wp-content\/uploads\/2025\/02\/Clienta.png 688w, https:\/\/nutricel.net\/wp-content\/uploads\/2025\/02\/Clienta-600x488.png 600w, https:\/\/nutricel.net\/wp-content\/uploads\/2025\/02\/Clienta-300x244.png 300w, https:\/\/nutricel.net\/wp-content\/uploads\/2025\/02\/Clienta-64x52.png 64w\" sizes=\"(max-width: 688px) 100vw, 688px\" \/>\t\t\t\t\t\t\t\t\t\t\t\t\t\t\t<\/div>\n\t\t\t\t<\/div>\n\t\t\t\t<\/div>\n\t\t<div class=\"elementor-element elementor-element-4d4ab98d e-con-full e-flex e-con e-child\" data-id=\"4d4ab98d\" data-element_type=\"container\">\n\t\t\t\t<div class=\"elementor-element elementor-element-62e289ae elementor-widget elementor-widget-text-editor\" data-id=\"62e289ae\" data-element_type=\"widget\" data-widget_type=\"text-editor.default\">\n\t\t\t\t<div class=\"elementor-widget-container\">\n\t\t\t\t\t\t\t\t\t<p class=\"p1\"><b>Sono una donna attiva, appassionata di sport e sempre in movimento.<\/b><b><\/b><\/p><p class=\"p2\">Tra allenamenti, viaggi e una routine impegnativa, <span class=\"s1\"><b>mantenere la mia salute \u00e8 una priorit\u00e0<\/b><\/span>. Per molto tempo ho provato diversi integratori, ma trovavo sempre prodotti con <span class=\"s1\"><b>ingredienti dubbi, prezzi elevati o senza una reale efficacia dimostrata<\/b><\/span>.<\/p><p class=\"p1\"><span class=\"s2\">Da quando ho scoperto <\/span><b>Nutricel, tutto \u00e8 cambiato<\/b><span class=\"s2\">. Le loro <\/span><b>formule con ingredienti brevettati e clinicamente testati<\/b><span class=\"s2\"> hanno fatto <\/span><b>una vera differenza nel mio benessere<\/b><span class=\"s2\">. Non solo ho <\/span><b>pi\u00f9 energia per allenarmi e mi riprendo pi\u00f9 velocemente<\/b><span class=\"s2\">, ma la mia <\/span><b>salute generale \u00e8 notevolmente migliorata<\/b><span class=\"s2\">: <\/span><b>digestione pi\u00f9 equilibrata, maggiore concentrazione e una pelle pi\u00f9 luminosa<\/b><span class=\"s2\">.<\/span><\/p><p class=\"p1\"><span class=\"s2\">Inoltre, la <\/span><b>qualit\u00e0 \u00e8 eccezionale<\/b><span class=\"s2\"> e a un <\/span><b>prezzo accessibile<\/b><span class=\"s2\">, una combinazione rara sul mercato. Sapere che <\/span><b>ogni capsula \u00e8 formulata con il meglio della scienza e senza ingredienti inutili<\/b><span class=\"s2\"> mi d\u00e0 la certezza di prendermi cura del mio corpo <\/span><b>nel miglior modo possibile<\/b><span class=\"s2\">.<\/span><\/p><p class=\"p1\"><b>Con Nutricel, il mio benessere \u00e8 nelle migliori mani.<\/b><b><\/b><\/p><p class=\"p1\"><b>Cristina de la Fuente<\/b><b><\/b><\/p><p class=\"p2\"><em>Cliente Nutricel dal <span class=\"s1\"><b>2024<\/b><\/span><\/em><\/p>\t\t\t\t\t\t\t\t<\/div>\n\t\t\t\t<\/div>\n\t\t\t\t<\/div>\n\t\t\t\t\t<\/div>\n\t\t\t\t<\/div>\n\t\t\t\t<\/div>\n\t\t","protected":false},"excerpt":{"rendered":"<p>Benvenuti nell\u2019universo Nutricel \u2728 Sei pronto a scoprire come la nutrizione intelligente pu\u00f2 trasformare la tua vita quotidiana? Benvenuto in Nutricel, dove qualit\u00e0 e innovazione si incontrano per esaltare la tua migliore versione. \ud83d\udc99 La base inizia nei nostri valori Scienza ed efficacia Qualit\u00e0 e trasparenza Benessere e fiducia La nostra missione: farti sentire meglio [&hellip;]<\/p>\n","protected":false},"author":1,"featured_media":0,"parent":0,"menu_order":0,"comment_status":"closed","ping_status":"closed","template":"","meta":{"_acf_changed":false,"inline_featured_image":false,"footnotes":""},"class_list":["post-4004","page","type-page","status-publish","hentry"],"acf":[],"_links":{"self":[{"href":"https:\/\/nutricel.net\/it\/wp-json\/wp\/v2\/pages\/4004","targetHints":{"allow":["GET"]}}],"collection":[{"href":"https:\/\/nutricel.net\/it\/wp-json\/wp\/v2\/pages"}],"about":[{"href":"https:\/\/nutricel.net\/it\/wp-json\/wp\/v2\/types\/page"}],"author":[{"embeddable":true,"href":"https:\/\/nutricel.net\/it\/wp-json\/wp\/v2\/users\/1"}],"replies":[{"embeddable":true,"href":"https:\/\/nutricel.net\/it\/wp-json\/wp\/v2\/comments?post=4004"}],"version-history":[{"count":8,"href":"https:\/\/nutricel.net\/it\/wp-json\/wp\/v2\/pages\/4004\/revisions"}],"predecessor-version":[{"id":4012,"href":"https:\/\/nutricel.net\/it\/wp-json\/wp\/v2\/pages\/4004\/revisions\/4012"}],"wp:attachment":[{"href":"https:\/\/nutricel.net\/it\/wp-json\/wp\/v2\/media?parent=4004"}],"curies":[{"name":"wp","href":"https:\/\/api.w.org\/{rel}","templated":true}]}}