{"id":3845,"date":"2025-03-04T20:00:00","date_gmt":"2025-03-04T19:00:00","guid":{"rendered":"https:\/\/nutricel.net\/?page_id=3845"},"modified":"2025-03-04T21:24:38","modified_gmt":"2025-03-04T20:24:38","slug":"aviso-legal-ita","status":"publish","type":"page","link":"https:\/\/nutricel.net\/it\/aviso-legal-ita\/","title":{"rendered":"Avviso Legale"},"content":{"rendered":"\t\t<div data-elementor-type=\"wp-page\" data-elementor-id=\"3845\" class=\"elementor elementor-3845\" data-elementor-post-type=\"page\">\n\t\t\t\t<div class=\"elementor-element elementor-element-7d95832e e-flex e-con-boxed e-con e-parent\" data-id=\"7d95832e\" data-element_type=\"container\">\n\t\t\t\t\t<div class=\"e-con-inner\">\n\t\t\t\t<div class=\"elementor-element elementor-element-cd43580 elementor-widget elementor-widget-heading\" data-id=\"cd43580\" data-element_type=\"widget\" data-widget_type=\"heading.default\">\n\t\t\t\t<div class=\"elementor-widget-container\">\n\t\t\t\t\t<h2 class=\"elementor-heading-title elementor-size-default\">AVVISO LEGALE<\/h2>\t\t\t\t<\/div>\n\t\t\t\t<\/div>\n\t\t\t\t\t<\/div>\n\t\t\t\t<\/div>\n\t\t<div class=\"elementor-element elementor-element-3f8323d e-flex e-con-boxed e-con e-parent\" data-id=\"3f8323d\" data-element_type=\"container\">\n\t\t\t\t\t<div class=\"e-con-inner\">\n\t\t<div class=\"elementor-element elementor-element-7b0949a6 e-con-full e-flex e-con e-child\" data-id=\"7b0949a6\" data-element_type=\"container\">\n\t\t\t\t<div class=\"elementor-element elementor-element-5b1a6fd2 elementor-widget elementor-widget-text-editor\" data-id=\"5b1a6fd2\" data-element_type=\"widget\" data-widget_type=\"text-editor.default\">\n\t\t\t\t<div class=\"elementor-widget-container\">\n\t\t\t\t\t\t\t\t\t<div class=\"d1-fade-in-bottom w-full md:w-1\/2 \"><div class=\"prose lg:prose-lg\"><p class=\"p1\"><b>PRIMO.- TITOLARE DEL SITO WEB<\/b><b><\/b><\/p><p class=\"p3\"><span class=\"s1\">Il presente portale web appartiene a <\/span><b>Nutricel Lifestyle S.L.<\/b><span class=\"s1\">, con <\/span><b>CIF B56689342<\/b><span class=\"s1\">, con sede in <\/span><b>Calle La Fuente N.25, El Hoyo de Pinares (\u00c1vila)<\/b><span class=\"s1\">, ed iscritta nel <\/span><b>Registro delle Imprese di Valdemorillo, Tomo 2, Pagina 149, Sezione 2<\/b><span class=\"s1\"> (di seguito, <\/span><b>\u201cNutricel\u201d<\/b><span class=\"s1\">), potendo essere contattata all\u2019indirizzo e-mail <\/span><b>info@nutricel.es<\/b><span class=\"s1\">.<\/span><\/p><p class=\"p1\"><b>SECONDO.- ACCESSO AL SITO WEB<\/b><b><\/b><\/p><p class=\"p4\">Nutricel mette a disposizione del pubblico (di seguito, <span class=\"s2\"><b>\u201cutente\u201d<\/b><\/span>) che accede al presente sito web (di seguito, <span class=\"s2\"><b>\u201cWEB\u201d<\/b><\/span>) informazioni sui propri prodotti e servizi (di seguito, <span class=\"s2\"><b>\u201cCONTENUTI e\/o SERVIZI\u201d<\/b><\/span>).<\/p><p class=\"p4\">L\u2019accesso a determinate sezioni del portale richieder\u00e0 l\u2019acquisizione dello stato di <span class=\"s2\"><b>utente registrato<\/b><\/span>. A tal fine, sar\u00e0 necessario seguire le istruzioni indicate sul sito web.<\/p><p class=\"p1\"><b>TERZO.- UTILIZZO CORRETTO DEI SERVIZI<\/b><b><\/b><\/p><p class=\"p4\">L\u2019utente si impegna a utilizzare i Servizi in modo <span class=\"s2\"><b>diligente, corretto e lecito<\/b><\/span>. In particolare, \u00e8 severamente vietato:<\/p><p class=\"p3\"><span class=\"s1\">\u2022 <\/span><b>Utilizzare i Servizi per fini contrari alla legge, alla morale, alle buone abitudini generalmente accettate o all\u2019ordine pubblico.<\/b><b><\/b><\/p><p class=\"p3\"><span class=\"s1\">\u2022 <\/span><b>Riprodurre, copiare, distribuire, consentire l\u2019accesso al pubblico attraverso qualsiasi mezzo di comunicazione, trasformare o modificare i Servizi senza autorizzazione del titolare dei diritti o se non consentito legalmente.<\/b><b><\/b><\/p><p class=\"p3\"><span class=\"s1\">\u2022 <\/span><b>Compiere qualsiasi atto che violi i diritti di propriet\u00e0 intellettuale o industriale di Nutricel o di terzi.<\/b><b><\/b><\/p><p class=\"p3\"><span class=\"s1\">\u2022 <\/span><b>Utilizzare le informazioni ottenute sul sito web per inviare pubblicit\u00e0, comunicazioni commerciali o svolgere attivit\u00e0 di marketing non autorizzate.<\/b><b><\/b><\/p><p class=\"p4\">Nutricel potr\u00e0 interrompere l\u2019accesso alla web a qualsiasi utente che violi queste condizioni o realizzi attivit\u00e0 che possano danneggiare l\u2019immagine, la credibilit\u00e0 o il prestigio dell\u2019azienda.<\/p><p class=\"p1\"><b>QUARTO.- REGOLE DI CONDOTTA<\/b><b><\/b><\/p><p class=\"p4\">Gli utenti possono interagire con Nutricel in determinate sezioni del sito web o sui social media a condizione che rispettino il seguente codice di condotta:<\/p><p class=\"p5\"><span class=\"s1\"> 1. <\/span><b>NON impersonare un\u2019altra persona o organizzazione.<\/b><b><\/b><\/p><p class=\"p6\">2.<span class=\"s2\"><b>NON utilizzare un linguaggio irrispettoso o offensivo.<\/b><\/span> I commenti contenenti minacce, insulti gravi o contenuti inappropriati verranno eliminati.<\/p><p class=\"p6\">3.<span class=\"s2\"><b>NON fare spam n\u00e9 pubblicit\u00e0 di terzi.<\/b><\/span> I post contenenti link esterni senza autorizzazione potranno essere eliminati.<\/p><p class=\"p1\"><b>QUINTO.- DIRITTI DI PROPRIET\u00c0<\/b><b><\/b><\/p><p class=\"p4\">Tutti i contenuti del sito web, tra cui testi, grafiche, loghi, immagini, design grafico, codice sorgente e software, sono di propriet\u00e0 esclusiva di <span class=\"s2\"><b>Nutricel<\/b><\/span> o di terzi con licenza, essendo protetti dalla legislazione nazionale e internazionale.<\/p><p class=\"p4\">\u00c8 vietato l\u2019utilizzo di tali elementi per fini commerciali, cos\u00ec come la loro distribuzione, modifica, alterazione o decompilazione senza autorizzazione espressa.<\/p><p class=\"p1\"><b>SESTO.- ESCLUSIONE DI GARANZIE E RESPONSABILIT\u00c0<\/b><b><\/b><\/p><p class=\"p4\">Nutricel si riserva il diritto di <span class=\"s2\"><b>interrompere l\u2019accesso ai Servizi in qualsiasi momento e senza preavviso<\/b><\/span> per motivi tecnici, di sicurezza, manutenzione o qualsiasi altra causa giustificata.<\/p><p class=\"p4\">Nutricel non garantisce l\u2019affidabilit\u00e0 o la continuit\u00e0 del sito web e, pertanto, non assume alcuna responsabilit\u00e0 per:<\/p><p class=\"p3\"><span class=\"s1\">\u2022 <\/span><b>Uso improprio dei contenuti da parte degli utenti.<\/b><b><\/b><\/p><p class=\"p3\"><span class=\"s1\">\u2022 <\/span><b>Danni causati da virus o elementi dannosi nei contenuti.<\/b><b><\/b><\/p><p class=\"p3\"><span class=\"s1\">\u2022 <\/span><b>Guasti di rete, interruzioni di comunicazione o problemi tecnici.<\/b><b><\/b><\/p><p class=\"p3\"><span class=\"s1\">\u2022 <\/span><b>Contenuti di siti web esterni collegati da Nutricel.<\/b><b><\/b><\/p><p class=\"p1\"><b>SETTIMO.- LINK AD ALTRI SITI WEB<\/b><b><\/b><\/p><p class=\"p4\">Nutricel non \u00e8 responsabile del contenuto, dell\u2019accuratezza o dell\u2019affidabilit\u00e0 dei siti web di terzi collegati dal nostro sito. L\u2019inserimento di tali link ha scopo puramente informativo e non implica alcun rapporto commerciale con tali terzi.<\/p><p class=\"p4\">Non \u00e8 consentito inserire link al sito web di Nutricel senza previa autorizzazione.<\/p><p class=\"p1\"><b>OTTAVO.- TRATTAMENTO DEI DATI E UTILIZZO DEI COOKIE<\/b><b><\/b><\/p><p class=\"p4\">In conformit\u00e0 con la normativa sulla protezione dei dati, informiamo che i dati personali forniti attraverso il sito web saranno trattati da <span class=\"s2\"><b>Nutricel Lifestyle S.L.<\/b><\/span> con il consenso dell\u2019utente, in conformit\u00e0 con la nostra <span class=\"s2\"><b>Politica sulla Privacy<\/b><\/span>.<\/p><p class=\"p4\">L\u2019utente pu\u00f2 esercitare i suoi diritti di <span class=\"s2\"><b>accesso, rettifica, cancellazione, limitazione, opposizione e portabilit\u00e0<\/b><\/span> inviando una richiesta scritta all\u2019indirizzo dell\u2019azienda o a <span class=\"s2\"><b>info@nutricel.es<\/b><\/span>.<\/p><p class=\"p4\">Informiamo inoltre che il sito web utilizza <span class=\"s2\"><b>cookie<\/b><\/span> per migliorare l\u2019esperienza dell\u2019utente. Maggiori informazioni nella nostra <span class=\"s2\"><b>Politica sui Cookie<\/b><\/span>.<\/p><p class=\"p1\"><b>NONO.- LEGGE APPLICABILE E GIURISDIZIONE<\/b><b><\/b><\/p><p class=\"p4\">Per qualsiasi controversia relativa a questo sito web, si applicher\u00e0 la <span class=\"s2\"><b>legislazione spagnola<\/b><\/span> e le parti accettano di sottoporsi alla giurisdizione dei <span class=\"s2\"><b>Tribunali e delle Corti della sede di Nutricel Lifestyle S.L.<\/b><\/span>, salvo diversa previsione obbligatoria della normativa sulla protezione dei consumatori.<\/p><p class=\"p4\">Per la <span class=\"s2\"><b>risoluzione extragiudiziale delle controversie<\/b><\/span>, la Commissione Europea mette a disposizione una piattaforma di risoluzione dei conflitti online al seguente link: <span class=\"s2\"><b>http:\/\/ec.europa.eu\/consumers\/odr\/<\/b><\/span>.<\/p><\/div><\/div>\t\t\t\t\t\t\t\t<\/div>\n\t\t\t\t<\/div>\n\t\t\t\t<\/div>\n\t\t\t\t\t<\/div>\n\t\t\t\t<\/div>\n\t\t\t\t<\/div>\n\t\t","protected":false},"excerpt":{"rendered":"<p>AVVISO LEGALE PRIMO.- TITOLARE DEL SITO WEB Il presente portale web appartiene a Nutricel Lifestyle S.L., con CIF B56689342, con sede in Calle La Fuente N.25, El Hoyo de Pinares (\u00c1vila), ed iscritta nel Registro delle Imprese di Valdemorillo, Tomo 2, Pagina 149, Sezione 2 (di seguito, \u201cNutricel\u201d), potendo essere contattata all\u2019indirizzo e-mail info@nutricel.es. SECONDO.- [&hellip;]<\/p>\n","protected":false},"author":1,"featured_media":0,"parent":0,"menu_order":0,"comment_status":"closed","ping_status":"closed","template":"","meta":{"_acf_changed":false,"inline_featured_image":false,"footnotes":""},"class_list":["post-3845","page","type-page","status-publish","hentry"],"acf":[],"_links":{"self":[{"href":"https:\/\/nutricel.net\/it\/wp-json\/wp\/v2\/pages\/3845","targetHints":{"allow":["GET"]}}],"collection":[{"href":"https:\/\/nutricel.net\/it\/wp-json\/wp\/v2\/pages"}],"about":[{"href":"https:\/\/nutricel.net\/it\/wp-json\/wp\/v2\/types\/page"}],"author":[{"embeddable":true,"href":"https:\/\/nutricel.net\/it\/wp-json\/wp\/v2\/users\/1"}],"replies":[{"embeddable":true,"href":"https:\/\/nutricel.net\/it\/wp-json\/wp\/v2\/comments?post=3845"}],"version-history":[{"count":9,"href":"https:\/\/nutricel.net\/it\/wp-json\/wp\/v2\/pages\/3845\/revisions"}],"predecessor-version":[{"id":3994,"href":"https:\/\/nutricel.net\/it\/wp-json\/wp\/v2\/pages\/3845\/revisions\/3994"}],"wp:attachment":[{"href":"https:\/\/nutricel.net\/it\/wp-json\/wp\/v2\/media?parent=3845"}],"curies":[{"name":"wp","href":"https:\/\/api.w.org\/{rel}","templated":true}]}}