{"id":3839,"date":"2025-03-04T19:54:01","date_gmt":"2025-03-04T18:54:01","guid":{"rendered":"https:\/\/nutricel.net\/?page_id=3839"},"modified":"2025-03-04T21:26:13","modified_gmt":"2025-03-04T20:26:13","slug":"politica-de-privacidad-ita","status":"publish","type":"page","link":"https:\/\/nutricel.net\/it\/politica-de-privacidad-ita\/","title":{"rendered":"Politica di Privacy"},"content":{"rendered":"\t\t<div data-elementor-type=\"wp-page\" data-elementor-id=\"3839\" class=\"elementor elementor-3839\" data-elementor-post-type=\"page\">\n\t\t\t\t<div class=\"elementor-element elementor-element-102e21d4 e-flex e-con-boxed e-con e-parent\" data-id=\"102e21d4\" data-element_type=\"container\">\n\t\t\t\t\t<div class=\"e-con-inner\">\n\t\t\t\t<div class=\"elementor-element elementor-element-2095fe46 elementor-widget elementor-widget-heading\" data-id=\"2095fe46\" data-element_type=\"widget\" data-widget_type=\"heading.default\">\n\t\t\t\t<div class=\"elementor-widget-container\">\n\t\t\t\t\t<h2 class=\"elementor-heading-title elementor-size-default\">POLITICA SULLA PRIVACY<\/h2>\t\t\t\t<\/div>\n\t\t\t\t<\/div>\n\t\t\t\t\t<\/div>\n\t\t\t\t<\/div>\n\t\t<div class=\"elementor-element elementor-element-7ab68d4f e-flex e-con-boxed e-con e-parent\" data-id=\"7ab68d4f\" data-element_type=\"container\">\n\t\t\t\t\t<div class=\"e-con-inner\">\n\t\t<div class=\"elementor-element elementor-element-43c0101e e-con-full e-flex e-con e-child\" data-id=\"43c0101e\" data-element_type=\"container\">\n\t\t\t\t<div class=\"elementor-element elementor-element-64b204fc elementor-widget elementor-widget-text-editor\" data-id=\"64b204fc\" data-element_type=\"widget\" data-widget_type=\"text-editor.default\">\n\t\t\t\t<div class=\"elementor-widget-container\">\n\t\t\t\t\t\t\t\t\t<div class=\"d1-fade-in-bottom w-full md:w-1\/2 \"><div class=\"prose lg:prose-lg\"><p class=\"p1\"><b>1. Politica sulla Privacy e Sicurezza<\/b><b><\/b><\/p><p class=\"p3\">Le seguenti informazioni sulla nostra Politica sulla Privacy riflettono l\u2019impegno di Nutricel Lifestyle S.L. (di seguito, \u201cNutricel\u201d), in qualit\u00e0 di responsabile del trattamento, nel mantenere e garantire relazioni commerciali sicure attraverso la protezione dei dati personali, assicurando il diritto alla privacy di ciascun utente dei nostri servizi. In questo documento spieghiamo come utilizziamo i dati personali durante l\u2019uso dei nostri servizi.<\/p><p class=\"p1\"><b>2. Definizione di Dato Personale<\/b><b><\/b><\/p><p class=\"p3\">Per \u201cDato Personale\u201d si intende qualsiasi informazione relativa a una persona fisica identificata o identificabile. Tra questi rientrano, ad esempio, il nome, il cognome, l\u2019indirizzo postale ed elettronico, nonch\u00e9 il numero di telefono.<\/p><p class=\"p1\"><b>3. Trattamento e Finalit\u00e0 dei Dati Raccolti<\/b><b><\/b><\/p><p class=\"p3\">Qualsiasi dato personale fornito durante la visita al nostro portale web sar\u00e0 trattato in conformit\u00e0 con le normative sulla protezione dei dati e sar\u00e0 raccolto, trattato e utilizzato solo per scopi leciti, legittimi e informati. Di seguito dettagliamo tutte le finalit\u00e0 per le quali Nutricel utilizza i dati personali:<\/p><p class=\"p4\"><b>Per l\u2019invio di moduli di contatto o e-mail:<\/b><b><\/b><\/p><p class=\"p3\">\u2022 <span class=\"s1\"><b>Finalit\u00e0:<\/b><\/span> Rispondere alle richieste e contattare l\u2019utente per risolvere eventuali dubbi o domande.<\/p><p class=\"p3\">\u2022 <span class=\"s1\"><b>Legittimazione:<\/b><\/span> La base legale \u00e8 l\u2019esecuzione di misure precontrattuali richieste e\/o il consenso prestato.<\/p><p class=\"p3\">\u2022 <span class=\"s1\"><b>Periodo di conservazione:<\/b><\/span> I dati saranno conservati per il tempo necessario a gestire le richieste ricevute.<\/p><p class=\"p4\"><b>Per l\u2019inserimento dell\u2019indirizzo e-mail per l\u2019iscrizione alla newsletter:<\/b><b><\/b><\/p><p class=\"p3\">\u2022 <span class=\"s1\"><b>Finalit\u00e0:<\/b><\/span> Inviare newsletter e informazioni commerciali su nuovi prodotti e servizi.<\/p><p class=\"p3\">\u2022 <span class=\"s1\"><b>Legittimazione:<\/b><\/span> Consenso dell\u2019utente.<\/p><p class=\"p3\">\u2022 <span class=\"s1\"><b>Periodo di conservazione:<\/b><\/span> Fino a quando l\u2019utente richiede la cancellazione.<\/p><p class=\"p3\">Nutricel informa tutti gli utenti che non \u00e8 obbligatorio fornire determinati dati personali, ad eccezione di quelli contrassegnati come obbligatori. Tuttavia, la mancata fornitura di tali dati potrebbe impedire a Nutricel di erogare determinati servizi.<\/p><p class=\"p3\">\u00c8 responsabilit\u00e0 dell\u2019utente fornire dati veritieri e mantenerli aggiornati. Nutricel si riserva il diritto di escludere dai propri servizi qualsiasi utente che abbia fornito dati falsi.<\/p><p class=\"p3\">I tuoi dati personali <span class=\"s1\"><b>NON saranno comunicati a nessun\u2019altra azienda senza il tuo previo consenso<\/b><\/span>, ad eccezione di Amazon, che si occuper\u00e0 della logistica e della gestione degli ordini attraverso Amazon FBA.<\/p><p class=\"p1\"><b>4. Sicurezza dei tuoi Dati Personali<\/b><b><\/b><\/p><p class=\"p3\">Nutricel pone particolare attenzione alla sicurezza dei dati personali. A tal fine, ha implementato misure di sicurezza tecniche e organizzative per prevenire qualsiasi perdita o uso non autorizzato. I nostri portali web utilizzano protocolli di crittografia dei dati <span class=\"s1\"><b>HTTPS<\/b><\/span>.<\/p><p class=\"p1\"><b>5. Informazioni sull\u2019Utilizzo dei Cookie<\/b><b><\/b><\/p><p class=\"p3\">La sola visita al portale web di Nutricel non comporta la registrazione automatica di alcun dato personale identificabile. Tuttavia, informiamo che durante la navigazione vengono utilizzati <span class=\"s1\"><b>\u201ccookie\u201d<\/b><\/span>, piccoli file di dati che ci permettono di ottenere informazioni analitiche sul traffico del sito web.<\/p><p class=\"p3\">Per maggiori informazioni, visita la nostra <span class=\"s1\"><b>Politica sui Cookie<\/b><\/span>.<\/p><p class=\"p1\"><b>6. Diritti degli Utenti<\/b><b><\/b><\/p><p class=\"p3\">Gli utenti possono esercitare i loro diritti di accesso, rettifica, limitazione del trattamento, cancellazione, portabilit\u00e0 dei dati e opposizione inviando una richiesta scritta a <span class=\"s1\"><b>info@nutricel.es<\/b><\/span>. Inoltre, possono presentare un reclamo all\u2019<span class=\"s1\"><b>Agenzia Spagnola per la Protezione dei Dati<\/b><\/span>.<\/p><p class=\"p1\"><b>7. Revoca del Consenso<\/b><b><\/b><\/p><p class=\"p3\">Se un utente non desidera ricevere informazioni commerciali o vuole revocare il proprio consenso, pu\u00f2 farlo inviando un\u2019e-mail a <span class=\"s1\"><b>info@nutricel.es<\/b><\/span>. \u00c8 inoltre possibile annullare l\u2019iscrizione direttamente dai messaggi e-mail ricevuti.<\/p><p class=\"p1\"><b>8. Modifiche alla Politica sulla Privacy<\/b><b><\/b><\/p><p class=\"p3\">La nostra Politica sulla Privacy pu\u00f2 essere aggiornata a seguito di modifiche normative o miglioramenti nei nostri servizi. Ti consigliamo di rivedere periodicamente questa politica. In caso di modifiche rilevanti, informeremo l\u2019utente per ottenere nuovamente il consenso, se necessario.<\/p><p class=\"p3\">Se hai domande su questa <span class=\"s1\"><b>Politica sulla Privacy<\/b><\/span> o desideri esercitare un diritto, puoi contattarci all\u2019indirizzo <span class=\"s1\"><b>info@nutricel.es<\/b><\/span><\/p><\/div><\/div>\t\t\t\t\t\t\t\t<\/div>\n\t\t\t\t<\/div>\n\t\t\t\t<\/div>\n\t\t\t\t\t<\/div>\n\t\t\t\t<\/div>\n\t\t\t\t<\/div>\n\t\t","protected":false},"excerpt":{"rendered":"<p>POLITICA SULLA PRIVACY 1. Politica sulla Privacy e Sicurezza Le seguenti informazioni sulla nostra Politica sulla Privacy riflettono l\u2019impegno di Nutricel Lifestyle S.L. (di seguito, \u201cNutricel\u201d), in qualit\u00e0 di responsabile del trattamento, nel mantenere e garantire relazioni commerciali sicure attraverso la protezione dei dati personali, assicurando il diritto alla privacy di ciascun utente dei nostri [&hellip;]<\/p>\n","protected":false},"author":1,"featured_media":0,"parent":0,"menu_order":0,"comment_status":"closed","ping_status":"closed","template":"","meta":{"_acf_changed":false,"inline_featured_image":false,"footnotes":""},"class_list":["post-3839","page","type-page","status-publish","hentry"],"acf":[],"_links":{"self":[{"href":"https:\/\/nutricel.net\/it\/wp-json\/wp\/v2\/pages\/3839","targetHints":{"allow":["GET"]}}],"collection":[{"href":"https:\/\/nutricel.net\/it\/wp-json\/wp\/v2\/pages"}],"about":[{"href":"https:\/\/nutricel.net\/it\/wp-json\/wp\/v2\/types\/page"}],"author":[{"embeddable":true,"href":"https:\/\/nutricel.net\/it\/wp-json\/wp\/v2\/users\/1"}],"replies":[{"embeddable":true,"href":"https:\/\/nutricel.net\/it\/wp-json\/wp\/v2\/comments?post=3839"}],"version-history":[{"count":9,"href":"https:\/\/nutricel.net\/it\/wp-json\/wp\/v2\/pages\/3839\/revisions"}],"predecessor-version":[{"id":3998,"href":"https:\/\/nutricel.net\/it\/wp-json\/wp\/v2\/pages\/3839\/revisions\/3998"}],"wp:attachment":[{"href":"https:\/\/nutricel.net\/it\/wp-json\/wp\/v2\/media?parent=3839"}],"curies":[{"name":"wp","href":"https:\/\/api.w.org\/{rel}","templated":true}]}}