{"id":1978,"date":"2025-01-30T19:41:57","date_gmt":"2025-01-30T18:41:57","guid":{"rendered":"https:\/\/nutricel.net\/?post_type=product&#038;p=1978"},"modified":"2025-03-04T21:58:04","modified_gmt":"2025-03-04T20:58:04","slug":"magnesio-alemania-falta","status":"publish","type":"product","link":"https:\/\/nutricel.net\/de\/producto\/magnesio-alemania-falta\/","title":{"rendered":"Magnesium Plus &#8211; 180 Kapseln"},"content":{"rendered":"<h2 class=\"p1\"><b>Magnesium + Vitamine Kapseln: Starke Formel f\u00fcr Muskeln, Nerven und Energie<\/b><b><\/b><\/h2>\n<p class=\"p3\">Magnesium in zwei hoch bioverf\u00fcgbaren Formen und essenzielle Vitamine in einer Kapsel \u2013 was k\u00f6nnte dein Wohlbefinden mehr verlangen? Unsere Magnesium + Vitamine Kapseln helfen, M\u00fcdigkeit zu reduzieren, die Muskelfunktion zu verbessern und das Nervensystem zu st\u00e4rken \u2013 mit einer ausgewogenen Kombination aus wichtigen Mineralstoffen und Vitaminen. \ud83d\udcaa\u26a1<\/p>\n","protected":false},"excerpt":{"rendered":"<p class=\"p1\">Magnesiumcitrat 1577 mg + Magnesiumbisglycinat 600 mg &#8211; Reduziert M\u00fcdigkeit und Ersch\u00f6pfung, lindert Gelenk- und Muskelschmerzen, Magnesiumglycinat, Magnesium, Hohe Bioverf\u00fcgbarkeit | 180 Kapseln<\/p>\n","protected":false},"featured_media":2813,"template":"","meta":{"_acf_changed":false,"inline_featured_image":false},"product_brand":[],"product_cat":[195,191,185,189,190,183,194,192,188,186],"product_tag":[248],"class_list":{"0":"post-1978","1":"product","2":"type-product","3":"status-publish","4":"has-post-thumbnail","6":"product_cat-alle-produkte-de","7":"product_cat-allgemeine-gesundheit-de","8":"product_cat-energie-de","9":"product_cat-entspannung-und-schlaf-de","10":"product_cat-gesundheit-de","11":"product_cat-highlights-de","12":"product_cat-immunsystem-gesundheit-de","13":"product_cat-knochengesundheit-und-gelenke-de","14":"product_cat-sonstiges-de","15":"product_cat-standard-linie-de","16":"product_tag-magnesium-plus","18":"first","19":"instock","20":"taxable","21":"shipping-taxable","22":"purchasable","23":"product-type-simple"},"acf":[],"_links":{"self":[{"href":"https:\/\/nutricel.net\/de\/wp-json\/wp\/v2\/product\/1978","targetHints":{"allow":["GET"]}}],"collection":[{"href":"https:\/\/nutricel.net\/de\/wp-json\/wp\/v2\/product"}],"about":[{"href":"https:\/\/nutricel.net\/de\/wp-json\/wp\/v2\/types\/product"}],"version-history":[{"count":1,"href":"https:\/\/nutricel.net\/de\/wp-json\/wp\/v2\/product\/1978\/revisions"}],"predecessor-version":[{"id":2074,"href":"https:\/\/nutricel.net\/de\/wp-json\/wp\/v2\/product\/1978\/revisions\/2074"}],"wp:featuredmedia":[{"embeddable":true,"href":"https:\/\/nutricel.net\/de\/wp-json\/wp\/v2\/media\/2813"}],"wp:attachment":[{"href":"https:\/\/nutricel.net\/de\/wp-json\/wp\/v2\/media?parent=1978"}],"wp:term":[{"taxonomy":"product_brand","embeddable":true,"href":"https:\/\/nutricel.net\/de\/wp-json\/wp\/v2\/product_brand?post=1978"},{"taxonomy":"product_cat","embeddable":true,"href":"https:\/\/nutricel.net\/de\/wp-json\/wp\/v2\/product_cat?post=1978"},{"taxonomy":"product_tag","embeddable":true,"href":"https:\/\/nutricel.net\/de\/wp-json\/wp\/v2\/product_tag?post=1978"}],"curies":[{"name":"wp","href":"https:\/\/api.w.org\/{rel}","templated":true}]}}